{"id":1514,"date":"2014-07-01T09:00:49","date_gmt":"2014-07-01T09:00:49","guid":{"rendered":"http:\/\/localhost\/wordpress\/?page_id=1514"},"modified":"2015-03-16T16:08:22","modified_gmt":"2015-03-16T16:08:22","slug":"about-us","status":"publish","type":"page","link":"https:\/\/www.ecozone.cl\/?page_id=1514","title":{"rendered":"Servicios"},"content":{"rendered":"<div class=\"css-animation slideInUp \"><\/div>\n<div class=\"c4\">\n<div class=\"iconbox dark icon-top\" ><div class=\"icon\"><span class=\"li_pen\"><\/span><\/div><div class=\"iconcontent\">\n<h4><span class=\"subheading\"><strong>DESARROLLO DE INGENIER\u00cdAS<\/strong><\/span><\/h4>\n<p>Realizaci\u00f3n de Ingenier\u00edas conceptual, b\u00e1sica y de detalle para las diferentes aguas y efluentes industriales.\u00a0Este dise\u00f1o tiene en cuenta las variables de todo el proceso productivo,cuentan con memorias de c\u00e1lculo, Planimetr\u00edas 2D y 3D, simulaciones, cargas hidr\u00e1ulicas, c\u00e1lculos de flujos, etc.<\/p>\n<\/div><\/div>\n<\/div>\n<div class=\"c4\">\n<div class=\"iconbox dark icon-top\" ><div class=\"icon\"><span class=\"li_lab\"><\/span><\/div><div class=\"iconcontent\">\n<p><strong><span class=\"subheading\">TRATAMIENTOS DE AGUAS Y EFLUENTES<\/span><\/strong><\/p>\n<p>Dise\u00f1amos, construimos y operamos soluciones a medida, que pueden funcionar en relacion a climas extremos y ambientes corrosivos.<\/p>\n<\/div><\/div>\n<\/div>\n<div class=\"c4 end\">\n<div class=\"iconbox dark icon-top\" ><div class=\"icon\"><span class=\"li_world\"><\/span><\/div><div class=\"iconcontent\">\n<h4><strong><span class=\"subheading\">ASESOR\u00cdAS<\/span><\/strong><\/h4>\n<p>Contamos con profesionales multidisciplinarios capaces de entregar asesorias desde la adquisici\u00f3n de equipos hasta el diagn\u00f3stico de problemas y soluciones ambientales.<\/p>\n<\/div><\/div>\n<\/div>\n<div class=\"c4\">\n<div class=\"iconbox dark icon-top\" ><div class=\"icon\"><span class=\"li_key\"><\/span><\/div><div class=\"iconcontent\">\n<h4><strong><span class=\"subheading\">ELABORACI\u00d3N Y PRESENTACI\u00d3N DE INFORMES ANTE LA AUTORIDAD AMBIENTAL<\/span><\/strong><\/h4>\n<p>Evaluaciones de Impacto Ambiental, Declaraciones de Impacto Ambiental y Cartas de Pertinencia, entre otros.<\/p>\n<\/div><\/div>\n<\/div>\n<div class=\"c4\">\n<div class=\"iconbox dark icon-top\" ><div class=\"icon\"><span class=\"li_settings\"><\/span><\/div><div class=\"iconcontent\">\n<h4><span class=\"subheading\"><strong>SERVICIOS DE OPERACI\u00d3N Y MANTENCI\u00d3N<\/strong><\/span><\/h4>\n<p>Contamos con profesionales el\u00e9ctricos, mec\u00e1nicos y qu\u00edmicos con vasta experiencia en el tratamiento de aguas y t\u00e9cnicas de laboratorio para muestreo y control de los procesos unitarios de los tratamientos.<\/p>\n<\/div><\/div>\n<\/div>\n<div class=\"c4 end\"><\/div>\n<p>&nbsp;<\/p>\n","protected":false},"excerpt":{"rendered":"<p>&nbsp;<\/p>\n","protected":false},"author":1,"featured_media":0,"parent":1512,"menu_order":3,"comment_status":"closed","ping_status":"closed","template":"","meta":[],"_links":{"self":[{"href":"https:\/\/www.ecozone.cl\/index.php?rest_route=\/wp\/v2\/pages\/1514"}],"collection":[{"href":"https:\/\/www.ecozone.cl\/index.php?rest_route=\/wp\/v2\/pages"}],"about":[{"href":"https:\/\/www.ecozone.cl\/index.php?rest_route=\/wp\/v2\/types\/page"}],"author":[{"embeddable":true,"href":"https:\/\/www.ecozone.cl\/index.php?rest_route=\/wp\/v2\/users\/1"}],"replies":[{"embeddable":true,"href":"https:\/\/www.ecozone.cl\/index.php?rest_route=%2Fwp%2Fv2%2Fcomments&post=1514"}],"version-history":[{"count":37,"href":"https:\/\/www.ecozone.cl\/index.php?rest_route=\/wp\/v2\/pages\/1514\/revisions"}],"predecessor-version":[{"id":5144,"href":"https:\/\/www.ecozone.cl\/index.php?rest_route=\/wp\/v2\/pages\/1514\/revisions\/5144"}],"up":[{"embeddable":true,"href":"https:\/\/www.ecozone.cl\/index.php?rest_route=\/wp\/v2\/pages\/1512"}],"wp:attachment":[{"href":"https:\/\/www.ecozone.cl\/index.php?rest_route=%2Fwp%2Fv2%2Fmedia&parent=1514"}],"curies":[{"name":"wp","href":"https:\/\/api.w.org\/{rel}","templated":true}]}}